{"id":55,"date":"2020-11-04T17:52:50","date_gmt":"2020-11-04T17:52:50","guid":{"rendered":"https:\/\/www.institutolourdes.com.ar\/?page_id=55"},"modified":"2020-11-05T12:20:16","modified_gmt":"2020-11-05T12:20:16","slug":"inscripciones-2021","status":"publish","type":"page","link":"https:\/\/www.institutolourdes.com.ar\/index.php\/inscripciones-2021\/","title":{"rendered":"INSCRIPCIONES 2021"},"content":{"rendered":"<figure><img decoding=\"async\" width=\"1600\" height=\"1067\" src=\"https:\/\/www.institutolourdes.com.ar\/wp-content\/uploads\/2020\/11\/INICIAL.jpg\" alt=\"\" loading=\"lazy\" srcset=\"https:\/\/www.institutolourdes.com.ar\/wp-content\/uploads\/2020\/11\/INICIAL.jpg 1600w, https:\/\/www.institutolourdes.com.ar\/wp-content\/uploads\/2020\/11\/INICIAL-300x200.jpg 300w, https:\/\/www.institutolourdes.com.ar\/wp-content\/uploads\/2020\/11\/INICIAL-1024x683.jpg 1024w, https:\/\/www.institutolourdes.com.ar\/wp-content\/uploads\/2020\/11\/INICIAL-768x512.jpg 768w, https:\/\/www.institutolourdes.com.ar\/wp-content\/uploads\/2020\/11\/INICIAL-1536x1024.jpg 1536w\" sizes=\"auto, (max-width: 1600px) 100vw, 1600px\" \/><\/figure>\n<h3>NIVEL INICIAL<\/h3>\n<p>Somos una instituci\u00f3n p\u00fablica de gesti\u00f3n privada con fuertes valores cristianos, que brinda una educaci\u00f3n personalizada en el nivel preescolar desde los 3 a\u00f1os.<br \/>\nPr\u00f3ximamente podr\u00e1s dejar tus datos y realizar la pre-inscripci\u00f3n desde Aqu\u00ed<\/p>\n<figure><img decoding=\"async\" width=\"1600\" height=\"900\" src=\"https:\/\/www.institutolourdes.com.ar\/wp-content\/uploads\/2020\/11\/PRIMARIO.jpg\" alt=\"\" loading=\"lazy\" srcset=\"https:\/\/www.institutolourdes.com.ar\/wp-content\/uploads\/2020\/11\/PRIMARIO.jpg 1600w, https:\/\/www.institutolourdes.com.ar\/wp-content\/uploads\/2020\/11\/PRIMARIO-300x169.jpg 300w, https:\/\/www.institutolourdes.com.ar\/wp-content\/uploads\/2020\/11\/PRIMARIO-1024x576.jpg 1024w, https:\/\/www.institutolourdes.com.ar\/wp-content\/uploads\/2020\/11\/PRIMARIO-768x432.jpg 768w, https:\/\/www.institutolourdes.com.ar\/wp-content\/uploads\/2020\/11\/PRIMARIO-1536x864.jpg 1536w\" sizes=\"auto, (max-width: 1600px) 100vw, 1600px\" \/><\/figure>\n<h3>NIVEL PRIMARIO<\/h3>\n<p>Pr\u00f3ximamente podr\u00e1s dejar tus datos y realizar la pre-inscripci\u00f3n desde Aqu\u00ed<\/p>\n<figure><img decoding=\"async\" width=\"860\" height=\"645\" src=\"https:\/\/www.institutolourdes.com.ar\/wp-content\/uploads\/2020\/11\/SECUNDARIO-1024x768.jpg\" alt=\"\" loading=\"lazy\" srcset=\"https:\/\/www.institutolourdes.com.ar\/wp-content\/uploads\/2020\/11\/SECUNDARIO-1024x768.jpg 1024w, https:\/\/www.institutolourdes.com.ar\/wp-content\/uploads\/2020\/11\/SECUNDARIO-300x225.jpg 300w, https:\/\/www.institutolourdes.com.ar\/wp-content\/uploads\/2020\/11\/SECUNDARIO-768x576.jpg 768w, https:\/\/www.institutolourdes.com.ar\/wp-content\/uploads\/2020\/11\/SECUNDARIO-1536x1152.jpg 1536w, https:\/\/www.institutolourdes.com.ar\/wp-content\/uploads\/2020\/11\/SECUNDARIO.jpg 1799w\" sizes=\"auto, (max-width: 860px) 100vw, 860px\" \/><\/figure>\n<h3>NIVEL SECUNDARIO<\/h3>\n<p>Pr\u00f3ximamente podr\u00e1s dejar tus datos y realizar la pre-inscripci\u00f3n desde Aqu\u00ed<\/p>\n<figure><img decoding=\"async\" src=\"https:\/\/www.institutolourdes.com.ar\/wp-content\/plugins\/elementor\/assets\/images\/placeholder.png\" title=\"\" alt=\"\" \/><\/figure>\n<h3>NIVEL TERCIARIO<\/h3>\n<p>Pr\u00f3ximamente podr\u00e1s dejar tus datos y realizar la pre-inscripci\u00f3n desde Aqu\u00ed<\/p>\n","protected":false},"excerpt":{"rendered":"<p>NIVEL INICIAL Somos una instituci\u00f3n p\u00fablica de gesti\u00f3n privada con fuertes valores cristianos, que brinda una educaci\u00f3n personalizada en el nivel preescolar desde los 3 a\u00f1os. Pr\u00f3ximamente podr\u00e1s dejar tus datos y realizar la pre-inscripci\u00f3n desde Aqu\u00ed NIVEL PRIMARIO Pr\u00f3ximamente podr\u00e1s dejar tus datos y realizar la pre-inscripci\u00f3n desde Aqu\u00ed NIVEL SECUNDARIO Pr\u00f3ximamente podr\u00e1s dejar [&hellip;]<\/p>\n","protected":false},"author":1,"featured_media":0,"parent":0,"menu_order":0,"comment_status":"closed","ping_status":"closed","template":"","meta":{"footnotes":""},"class_list":["post-55","page","type-page","status-publish","hentry"],"_links":{"self":[{"href":"https:\/\/www.institutolourdes.com.ar\/index.php\/wp-json\/wp\/v2\/pages\/55","targetHints":{"allow":["GET"]}}],"collection":[{"href":"https:\/\/www.institutolourdes.com.ar\/index.php\/wp-json\/wp\/v2\/pages"}],"about":[{"href":"https:\/\/www.institutolourdes.com.ar\/index.php\/wp-json\/wp\/v2\/types\/page"}],"author":[{"embeddable":true,"href":"https:\/\/www.institutolourdes.com.ar\/index.php\/wp-json\/wp\/v2\/users\/1"}],"replies":[{"embeddable":true,"href":"https:\/\/www.institutolourdes.com.ar\/index.php\/wp-json\/wp\/v2\/comments?post=55"}],"version-history":[{"count":9,"href":"https:\/\/www.institutolourdes.com.ar\/index.php\/wp-json\/wp\/v2\/pages\/55\/revisions"}],"predecessor-version":[{"id":150,"href":"https:\/\/www.institutolourdes.com.ar\/index.php\/wp-json\/wp\/v2\/pages\/55\/revisions\/150"}],"wp:attachment":[{"href":"https:\/\/www.institutolourdes.com.ar\/index.php\/wp-json\/wp\/v2\/media?parent=55"}],"curies":[{"name":"wp","href":"https:\/\/api.w.org\/{rel}","templated":true}]}}