{"id":37,"date":"2020-11-04T17:11:37","date_gmt":"2020-11-04T17:11:37","guid":{"rendered":"https:\/\/www.institutolourdes.com.ar\/?page_id=37"},"modified":"2020-11-05T22:21:24","modified_gmt":"2020-11-05T22:21:24","slug":"educacion-basada-en-valores","status":"publish","type":"page","link":"https:\/\/www.institutolourdes.com.ar\/index.php\/educacion-basada-en-valores\/","title":{"rendered":"Instituto Nuestra Se\u00f1ora de Lourdes"},"content":{"rendered":"<p><u>Naturaleza:<\/u><\/p>\n<p>Los colegios MSSpS son centros educativos cat\u00f3licos pertenecientes a la Congregaci\u00f3n de las<br \/>\nHnas. Misioneras Siervas del Esp\u00edritu Santo fundada por San Arnoldo Janssen y las<br \/>\ncofundadoras Beatas Mar\u00eda, Helena Stollenwerk y Josefa, Hendrina Stenmanns.<\/p>\n<p><u>Misi\u00f3n:<\/u><\/p>\n<p>Educar y formar en valores humanos y cristianos ofreciendo una educaci\u00f3n de calidad que<br \/>\nfavorezca el protagonismo y desarrollo de la persona, promoviendo ciudadanos comprometidos<br \/>\nen la construcci\u00f3n de una sociedad m\u00e1s justa, solidaria y fraterna.<\/p>\n<p><u>Visi\u00f3n<br \/>\n<\/u>Ser conocida como una Comunidad Educativa Misionera, comprometida con la formaci\u00f3n<br \/>\nintegral, la innovaci\u00f3n y transformaci\u00f3n de la realidad, enraizada en la Espiritualidad Trinitaria.<br \/>\nValores<br \/>\nAlegr\u00eda<br \/>\nCuidar la Vida<br \/>\nSolidaridad<br \/>\nEscucha<br \/>\nAmor al Servicio<\/p>\n<p style=\"font-style: normal; font-variant-ligatures: normal; font-variant-caps: normal; font-weight: 400; font-size: 16.0016px; font-family: Roboto, sans-serif;\">\n","protected":false},"excerpt":{"rendered":"<p>Naturaleza: Los colegios MSSpS son centros educativos cat\u00f3licos pertenecientes a la Congregaci\u00f3n de las Hnas. Misioneras Siervas del Esp\u00edritu Santo fundada por San Arnoldo Janssen y las cofundadoras Beatas Mar\u00eda, Helena Stollenwerk y Josefa, Hendrina Stenmanns. Misi\u00f3n: Educar y formar en valores humanos y cristianos ofreciendo una educaci\u00f3n de calidad que favorezca el protagonismo y [&hellip;]<\/p>\n","protected":false},"author":1,"featured_media":0,"parent":0,"menu_order":0,"comment_status":"closed","ping_status":"closed","template":"","meta":{"footnotes":""},"class_list":["post-37","page","type-page","status-publish","hentry"],"_links":{"self":[{"href":"https:\/\/www.institutolourdes.com.ar\/index.php\/wp-json\/wp\/v2\/pages\/37","targetHints":{"allow":["GET"]}}],"collection":[{"href":"https:\/\/www.institutolourdes.com.ar\/index.php\/wp-json\/wp\/v2\/pages"}],"about":[{"href":"https:\/\/www.institutolourdes.com.ar\/index.php\/wp-json\/wp\/v2\/types\/page"}],"author":[{"embeddable":true,"href":"https:\/\/www.institutolourdes.com.ar\/index.php\/wp-json\/wp\/v2\/users\/1"}],"replies":[{"embeddable":true,"href":"https:\/\/www.institutolourdes.com.ar\/index.php\/wp-json\/wp\/v2\/comments?post=37"}],"version-history":[{"count":6,"href":"https:\/\/www.institutolourdes.com.ar\/index.php\/wp-json\/wp\/v2\/pages\/37\/revisions"}],"predecessor-version":[{"id":158,"href":"https:\/\/www.institutolourdes.com.ar\/index.php\/wp-json\/wp\/v2\/pages\/37\/revisions\/158"}],"wp:attachment":[{"href":"https:\/\/www.institutolourdes.com.ar\/index.php\/wp-json\/wp\/v2\/media?parent=37"}],"curies":[{"name":"wp","href":"https:\/\/api.w.org\/{rel}","templated":true}]}}