{"id":327,"date":"2025-06-28T12:26:14","date_gmt":"2025-06-28T12:26:14","guid":{"rendered":"https:\/\/www.institutolourdes.com.ar\/?page_id=327"},"modified":"2025-06-28T12:26:14","modified_gmt":"2025-06-28T12:26:14","slug":"inicio","status":"publish","type":"page","link":"https:\/\/www.institutolourdes.com.ar\/index.php\/inicio\/","title":{"rendered":"Inicio"},"content":{"rendered":"<p><!DOCTYPE html><br \/>\n<html lang=\"es\"><br \/>\n<head><br \/>\n  <meta charset=\"UTF-8\" \/><br \/>\n  <meta name=\"viewport\" content=\"width=device-width, initial-scale=1.0\" \/><br \/>\n  <title>Instituto Nuestra Se\u00f1ora de Lourdes<\/title>\n  <link href=\"https:\/\/fonts.googleapis.com\/css2?family=Roboto:wght@400;700&#038;display=swap\" rel=\"stylesheet\">\n<style>\n    :root {\n      --azul-oscuro: #003366;\n      --azul-claro: #007BFF;\n      --blanco: #ffffff;\n    }\n    body {\n      margin: 0;\n      font-family: 'Roboto', sans-serif;\n      background-color: var(--blanco);\n      color: var(--azul-oscuro);\n    }\n    header {\n      background-color: var(--azul-oscuro);\n      color: var(--blanco);\n      padding: 1rem 2rem;\n      display: flex;\n      justify-content: space-between;\n      align-items: center;\n    }\n    nav a {\n      color: var(--blanco);\n      margin: 0 1rem;\n      text-decoration: none;\n      font-weight: bold;\n    }\n    .hero {\n      background: linear-gradient(to right, var(--azul-oscuro), var(--azul-claro));\n      color: var(--blanco);\n      padding: 4rem 2rem;\n      text-align: center;\n    }\n    section {\n      padding: 2rem;\n      max-width: 1000px;\n      margin: auto;\n    }\n    .noticias article {\n      margin-bottom: 1.5rem;\n      border-bottom: 1px solid #ccc;\n      padding-bottom: 1rem;\n    }\n    footer {\n      background-color: var(--azul-claro);\n      color: var(--blanco);\n      text-align: center;\n      padding: 1rem;\n    }\n    @media (max-width: 600px) {\n      nav a {\n        display: block;\n        margin: 0.5rem 0;\n      }\n    }\n  <\/style>\n<p><\/head><br \/>\n<body><\/p>\n<header>\n<h1>Instituto Nuestra Se\u00f1ora de Lourdes<\/h1>\n<nav>\n      <a href=\"#inicio\">Inicio<\/a><br \/>\n      <a href=\"#nosotros\">Nosotros<\/a><br \/>\n      <a href=\"#niveles\">Niveles Educativos<\/a><br \/>\n      <a href=\"#noticias\">Noticias<\/a><br \/>\n    <\/nav>\n<\/header>\n<section class=\"hero\" id=\"inicio\">\n<h2>Bienvenidos al Instituto<\/h2>\n<p>Formando con valores y compromiso en Campo Grande, Misiones.<\/p>\n<\/section>\n<section id=\"nosotros\">\n<h2>Sobre Nosotros<\/h2>\n<p>Somos una instituci\u00f3n educativa con una trayectoria s\u00f3lida, comprometida con la formaci\u00f3n integral de nuestros alumnos en un entorno de fe, respeto y excelencia acad\u00e9mica.<\/p>\n<\/section>\n<section id=\"niveles\">\n<h2>Niveles Educativos<\/h2>\n<ul>\n<li>Nivel Inicial<\/li>\n<li>Nivel Primario<\/li>\n<li>Nivel Secundario<\/li>\n<\/ul>\n<\/section>\n<section id=\"noticias\" class=\"noticias\">\n<h2>Noticias<\/h2>\n<article>\n<h3>Acto del D\u00eda de la Bandera<\/h3>\n<p>El pasado 20 de junio, nuestros alumnos de 4\u00b0 grado realizaron la Promesa de Lealtad a la Bandera en un emotivo acto institucional.<\/p>\n<\/article>\n<article>\n<h3>Inauguraci\u00f3n de nuevas aulas<\/h3>\n<p>Gracias al esfuerzo conjunto de familias, comunidad y municipio, contamos con nuevos espacios para aprender y crecer.<\/p>\n<\/article>\n<\/section>\n<footer>\n<p>&copy; 2025 Instituto Nuestra Se\u00f1ora de Lourdes &#8211; Campo Grande (Misiones)<\/p>\n<p><a href=\"https:\/\/www.institutolourdes.com.ar\" style=\"color: #fff; text-decoration: underline;\">www.institutolourdes.com.ar<\/a><\/p>\n<\/footer>\n<p><\/body><br \/>\n<\/html><\/p>\n","protected":false},"excerpt":{"rendered":"<p>Instituto Nuestra Se\u00f1ora de Lourdes Instituto Nuestra Se\u00f1ora de Lourdes Inicio Nosotros Niveles Educativos Noticias Bienvenidos al Instituto Formando con valores y compromiso en Campo Grande, Misiones. Sobre Nosotros Somos una instituci\u00f3n educativa con una trayectoria s\u00f3lida, comprometida con la formaci\u00f3n integral de nuestros alumnos en un entorno de fe, respeto y excelencia acad\u00e9mica. Niveles [&hellip;]<\/p>\n","protected":false},"author":1,"featured_media":0,"parent":0,"menu_order":0,"comment_status":"closed","ping_status":"closed","template":"","meta":{"footnotes":""},"class_list":["post-327","page","type-page","status-publish","hentry"],"_links":{"self":[{"href":"https:\/\/www.institutolourdes.com.ar\/index.php\/wp-json\/wp\/v2\/pages\/327","targetHints":{"allow":["GET"]}}],"collection":[{"href":"https:\/\/www.institutolourdes.com.ar\/index.php\/wp-json\/wp\/v2\/pages"}],"about":[{"href":"https:\/\/www.institutolourdes.com.ar\/index.php\/wp-json\/wp\/v2\/types\/page"}],"author":[{"embeddable":true,"href":"https:\/\/www.institutolourdes.com.ar\/index.php\/wp-json\/wp\/v2\/users\/1"}],"replies":[{"embeddable":true,"href":"https:\/\/www.institutolourdes.com.ar\/index.php\/wp-json\/wp\/v2\/comments?post=327"}],"version-history":[{"count":1,"href":"https:\/\/www.institutolourdes.com.ar\/index.php\/wp-json\/wp\/v2\/pages\/327\/revisions"}],"predecessor-version":[{"id":329,"href":"https:\/\/www.institutolourdes.com.ar\/index.php\/wp-json\/wp\/v2\/pages\/327\/revisions\/329"}],"wp:attachment":[{"href":"https:\/\/www.institutolourdes.com.ar\/index.php\/wp-json\/wp\/v2\/media?parent=327"}],"curies":[{"name":"wp","href":"https:\/\/api.w.org\/{rel}","templated":true}]}}