{"id":226,"date":"2020-11-11T22:52:57","date_gmt":"2020-11-11T22:52:57","guid":{"rendered":"https:\/\/www.institutolourdes.com.ar\/?page_id=226"},"modified":"2020-11-11T23:11:08","modified_gmt":"2020-11-11T23:11:08","slug":"planet-lourdes","status":"publish","type":"page","link":"https:\/\/www.institutolourdes.com.ar\/index.php\/planet-lourdes\/","title":{"rendered":"Planet Lourdes"},"content":{"rendered":"<h2>La Revista Digital del Instituto Nuestra Se\u00f1ora de Lourdes<\/h2>\n<p>\t\t\t<a href=\"https:\/\/www.calameo.com\/read\/006308390d6e3c3116a4f\" role=\"button\"><br \/>\n\t\t\t\t\t\tEdici\u00f3n Nro 1<br \/>\n\t\t\t\t\t<\/a><br \/>\n\t\t\t<a href=\"https:\/\/www.calameo.com\/read\/00630839095b6f1ddb4f0\" role=\"button\"><br \/>\n\t\t\t\t\t\tEdici\u00f3n Nro 2<br \/>\n\t\t\t\t\t<\/a><br \/>\n\t\t\t<a href=\"https:\/\/www.calameo.com\/read\/006308390ccb7e112d0f6\" role=\"button\"><br \/>\n\t\t\t\t\t\tEdici\u00f3n Nro 3<br \/>\n\t\t\t\t\t<\/a><br \/>\n\t\t\t\t\t\t\t\t\t\t<img decoding=\"async\" width=\"511\" height=\"604\" src=\"https:\/\/www.institutolourdes.com.ar\/wp-content\/uploads\/2020\/11\/01.png\" alt=\"\" loading=\"lazy\" srcset=\"https:\/\/www.institutolourdes.com.ar\/wp-content\/uploads\/2020\/11\/01.png 511w, https:\/\/www.institutolourdes.com.ar\/wp-content\/uploads\/2020\/11\/01-254x300.png 254w\" sizes=\"auto, (max-width: 511px) 100vw, 511px\" \/><br \/>\n\t\t\t\t\t\t\t\t\t\t<img decoding=\"async\" width=\"503\" height=\"655\" src=\"https:\/\/www.institutolourdes.com.ar\/wp-content\/uploads\/2020\/11\/03.png\" alt=\"\" loading=\"lazy\" srcset=\"https:\/\/www.institutolourdes.com.ar\/wp-content\/uploads\/2020\/11\/03.png 503w, https:\/\/www.institutolourdes.com.ar\/wp-content\/uploads\/2020\/11\/03-230x300.png 230w\" sizes=\"auto, (max-width: 503px) 100vw, 503px\" \/><br \/>\n\t\t\t\t\t\t\t\t\t\t<img decoding=\"async\" width=\"503\" height=\"489\" src=\"https:\/\/www.institutolourdes.com.ar\/wp-content\/uploads\/2020\/11\/1.png\" alt=\"\" loading=\"lazy\" srcset=\"https:\/\/www.institutolourdes.com.ar\/wp-content\/uploads\/2020\/11\/1.png 503w, https:\/\/www.institutolourdes.com.ar\/wp-content\/uploads\/2020\/11\/1-300x292.png 300w\" sizes=\"auto, (max-width: 503px) 100vw, 503px\" \/><br \/>\n\t\t\t<a href=\"https:\/\/www.calameo.com\/read\/0063083905f3c93787d46\" role=\"button\"><br \/>\n\t\t\t\t\t\tEdici\u00f3n Nro 4<br \/>\n\t\t\t\t\t<\/a><br \/>\n\t\t\t<a href=\"https:\/\/www.calameo.com\/books\/0063083903fa9178fae27\" role=\"button\"><br \/>\n\t\t\t\t\t\tEdici\u00f3n Nro 5<br \/>\n\t\t\t\t\t<\/a><br \/>\n\t\t\t<a href=\"https:\/\/www.calameo.com\/read\/006308390ccb7e112d0f6\" role=\"button\"><br \/>\n\t\t\t\t\t\tEdici\u00f3n Nro 6<br \/>\n\t\t\t\t\t<\/a><br \/>\n\t\t\t\t\t\t\t\t\t\t<img decoding=\"async\" width=\"486\" height=\"585\" src=\"https:\/\/www.institutolourdes.com.ar\/wp-content\/uploads\/2020\/11\/04.png\" alt=\"\" loading=\"lazy\" srcset=\"https:\/\/www.institutolourdes.com.ar\/wp-content\/uploads\/2020\/11\/04.png 486w, https:\/\/www.institutolourdes.com.ar\/wp-content\/uploads\/2020\/11\/04-249x300.png 249w\" sizes=\"auto, (max-width: 486px) 100vw, 486px\" \/><br \/>\n\t\t\t\t\t\t\t\t\t\t<img decoding=\"async\" width=\"497\" height=\"696\" src=\"https:\/\/www.institutolourdes.com.ar\/wp-content\/uploads\/2020\/11\/05.png\" alt=\"\" loading=\"lazy\" srcset=\"https:\/\/www.institutolourdes.com.ar\/wp-content\/uploads\/2020\/11\/05.png 497w, https:\/\/www.institutolourdes.com.ar\/wp-content\/uploads\/2020\/11\/05-214x300.png 214w\" sizes=\"auto, (max-width: 497px) 100vw, 497px\" \/>\t\t\t\t\t\t\t\t\t\t\t<\/p>\n<h2>Pr\u00f3ximamente <\/h2>\n","protected":false},"excerpt":{"rendered":"<p>La Revista Digital del Instituto Nuestra Se\u00f1ora de Lourdes Edici\u00f3n Nro 1 Edici\u00f3n Nro 2 Edici\u00f3n Nro 3 Edici\u00f3n Nro 4 Edici\u00f3n Nro 5 Edici\u00f3n Nro 6 Pr\u00f3ximamente<\/p>\n","protected":false},"author":1,"featured_media":0,"parent":0,"menu_order":0,"comment_status":"closed","ping_status":"closed","template":"","meta":{"footnotes":""},"class_list":["post-226","page","type-page","status-publish","hentry"],"_links":{"self":[{"href":"https:\/\/www.institutolourdes.com.ar\/index.php\/wp-json\/wp\/v2\/pages\/226","targetHints":{"allow":["GET"]}}],"collection":[{"href":"https:\/\/www.institutolourdes.com.ar\/index.php\/wp-json\/wp\/v2\/pages"}],"about":[{"href":"https:\/\/www.institutolourdes.com.ar\/index.php\/wp-json\/wp\/v2\/types\/page"}],"author":[{"embeddable":true,"href":"https:\/\/www.institutolourdes.com.ar\/index.php\/wp-json\/wp\/v2\/users\/1"}],"replies":[{"embeddable":true,"href":"https:\/\/www.institutolourdes.com.ar\/index.php\/wp-json\/wp\/v2\/comments?post=226"}],"version-history":[{"count":7,"href":"https:\/\/www.institutolourdes.com.ar\/index.php\/wp-json\/wp\/v2\/pages\/226\/revisions"}],"predecessor-version":[{"id":244,"href":"https:\/\/www.institutolourdes.com.ar\/index.php\/wp-json\/wp\/v2\/pages\/226\/revisions\/244"}],"wp:attachment":[{"href":"https:\/\/www.institutolourdes.com.ar\/index.php\/wp-json\/wp\/v2\/media?parent=226"}],"curies":[{"name":"wp","href":"https:\/\/api.w.org\/{rel}","templated":true}]}}